{"id":63,"date":"2022-11-06T09:45:14","date_gmt":"2022-11-06T09:45:14","guid":{"rendered":"http:\/\/taxiserviceelsdorf.de\/?page_id=63"},"modified":"2024-06-18T12:12:22","modified_gmt":"2024-06-18T12:12:22","slug":"impressum-2","status":"publish","type":"page","link":"https:\/\/taxiserviceelsdorf.de\/?page_id=63","title":{"rendered":"Impressum:"},"content":{"rendered":"\n<p>Diese Datenschutz-Information gilt f\u00fcr die Datenverarbeitung durch:<\/p>\n\n\n\n<p>Verantwortlicher: Christiane Z\u00fcwerink<\/p>\n\n\n\n<p>Angaben gem\u00e4\u00df \u00a75 TMG:<\/p>\n\n\n\n<p>Christiane Z\u00fcwerink<\/p>\n\n\n\n<p>Oststra\u00dfe 36<\/p>\n\n\n\n<p>50189 Elsdorf<\/p>\n\n\n\n<p>Telefon Nummer 02274 1717<\/p>\n\n\n\n<p>Fax Nummer 02274 9399799<\/p>\n\n\n\n<p>E-Mail: kontakt@taxizuewerink.de<\/p>\n\n\n\n<p>Aufsichtsbeh\u00f6rde: Stra\u00dfenverkehrsamt Rhein-Erft-Kreis Bergheim<\/p>\n\n\n\n<p><\/p>\n","protected":false},"excerpt":{"rendered":"<p>Diese Datenschutz-Information gilt f\u00fcr die Datenverarbeitung durch: Verantwortlicher: Christiane Z\u00fcwerink Angaben gem\u00e4\u00df \u00a75 TMG: Christiane Z\u00fcwerink Oststra\u00dfe 36 50189 Elsdorf Telefon Nummer 02274 1717 Fax Nummer 02274 9399799 E-Mail: kontakt@taxizuewerink.de Aufsichtsbeh\u00f6rde: Stra\u00dfenverkehrsamt Rhein-Erft-Kreis Bergheim<\/p>\n","protected":false},"author":1,"featured_media":0,"parent":0,"menu_order":0,"comment_status":"closed","ping_status":"closed","template":"","meta":{"footnotes":""},"class_list":["post-63","page","type-page","status-publish","hentry"],"_links":{"self":[{"href":"https:\/\/taxiserviceelsdorf.de\/index.php?rest_route=\/wp\/v2\/pages\/63","targetHints":{"allow":["GET"]}}],"collection":[{"href":"https:\/\/taxiserviceelsdorf.de\/index.php?rest_route=\/wp\/v2\/pages"}],"about":[{"href":"https:\/\/taxiserviceelsdorf.de\/index.php?rest_route=\/wp\/v2\/types\/page"}],"author":[{"embeddable":true,"href":"https:\/\/taxiserviceelsdorf.de\/index.php?rest_route=\/wp\/v2\/users\/1"}],"replies":[{"embeddable":true,"href":"https:\/\/taxiserviceelsdorf.de\/index.php?rest_route=%2Fwp%2Fv2%2Fcomments&post=63"}],"version-history":[{"count":5,"href":"https:\/\/taxiserviceelsdorf.de\/index.php?rest_route=\/wp\/v2\/pages\/63\/revisions"}],"predecessor-version":[{"id":80,"href":"https:\/\/taxiserviceelsdorf.de\/index.php?rest_route=\/wp\/v2\/pages\/63\/revisions\/80"}],"wp:attachment":[{"href":"https:\/\/taxiserviceelsdorf.de\/index.php?rest_route=%2Fwp%2Fv2%2Fmedia&parent=63"}],"curies":[{"name":"wp","href":"https:\/\/api.w.org\/{rel}","templated":true}]}}