{"id":2,"date":"2016-05-10T03:48:21","date_gmt":"2016-05-10T03:48:21","guid":{"rendered":"http:\/\/taxiserviceelsdorf.de\/?page_id=2"},"modified":"2020-11-05T18:56:54","modified_gmt":"2020-11-05T18:56:54","slug":"ueber-uns","status":"publish","type":"page","link":"https:\/\/taxiserviceelsdorf.de\/?page_id=2","title":{"rendered":"Taxi Service Elsdorf"},"content":{"rendered":"<p><span>Wir sind ein professionelles Taxi- und Mietwagen Dienstleistungsunternehmen!<\/span><\/p>\n<div><span>Wir kennen uns gut aus und fahren Sie zuverl\u00e4ssig ans Ziel in Elsdorf und Umgebung, zwischen Rhein und Erft, nach K\u00f6ln, Aachen, D\u00fcsseldorf &#8230;. Kurz: wohin Sie wollen.<\/span><\/div>\n<div><span>Bei uns bekommen Sie immer die richtigen Preise, nach dem g\u00fcltigen <a href=\"http:\/\/web.archive.org\/web\/20180827195449\/http:\/\/www.rhein-erft-kreis.de\/stepone\/data\/downloads\/09\/81\/00\/verordnungtaxitarif.pdf\" target=\"_blank\" rel=\"noopener noreferrer\">Taxi Tarif<\/a>.<\/span><span><strong>\u00a0<\/strong><\/span><\/div>\n\n\t\t\t<link rel=\"stylesheet\" property=\"stylesheet\" href=\"https:\/\/taxiserviceelsdorf.de\/wp-content\/plugins\/happyforms\/bundles\/css\/frontend.css\" \/>\n\t\t\t\t<!-- HappyForms CSS variables -->\n\t<style>\n\t#happyforms-47 {\n\t\t--happyforms-part-title-font-size: 16px;\n--happyforms-part-description-font-size: 14px;\n--happyforms-part-value-font-size: 16px;\n--happyforms-submit-button-font-size: 16px;\n--happyforms-color-primary: #000000;\n--happyforms-color-success-notice: #ebf9f0;\n--happyforms-color-success-notice-text: #1eb452;\n--happyforms-color-error: #f23000;\n--happyforms-color-error-notice: #ffeeea;\n--happyforms-color-error-notice-text: #f23000;\n--happyforms-color-part-title: #000000;\n--happyforms-color-part-value: #000000;\n--happyforms-color-part-placeholder: #888888;\n--happyforms-color-part-description: #454545;\n--happyforms-color-part-border: #dbdbdb;\n--happyforms-color-part-border-focus: #7aa4ff;\n--happyforms-color-part-background: #ffffff;\n--happyforms-color-part-background-focus: #ffffff;\n--happyforms-color-submit-background: #000000;\n--happyforms-color-submit-background-hover: #000000;\n--happyforms-color-submit-border: transparent;\n--happyforms-color-submit-text: #ffffff;\n--happyforms-color-submit-text-hover: #ffffff;\n--happyforms-color-table-row-odd: #fcfcfc;\n--happyforms-color-table-row-even: #efefef;\n--happyforms-color-table-row-odd-text: #000000;\n--happyforms-color-table-row-even-text: #000000;\n--happyforms-color-dropdown-item-bg: #ffffff;\n--happyforms-color-dropdown-item-text: #000000;\n--happyforms-color-dropdown-item-bg-hover: #f4f4f5;\n--happyforms-color-dropdown-item-text-hover: #000000;\n--happyforms-color-divider-hr: #cccccc;\n--happyforms-color-choice-checkmark-bg: #ffffff;\n--happyforms-color-choice-checkmark-bg-focus: #000000;\n--happyforms-color-choice-checkmark-color: #ffffff;\n\t}\n\t<\/style>\n\t<!-- End of HappyForms CSS variables -->\n\t\t<!-- HappyForms Additional CSS -->\n\t<style data-happyforms-additional-css>\n\t\t<\/style>\n\t<!-- End of HappyForms Additional CSS -->\n\t\t\t<link rel=\"stylesheet\" type=\"text\/css\" href=\"https:\/\/taxiserviceelsdorf.de\/wp-content\/plugins\/happyforms\/core\/assets\/css\/no-interaction.css\">\n\t\t<div class=\"happyforms-form happyforms-styles\" id=\"happyforms-47\">\n\t\t\n\t<form action=\"\" id=\"happyforms-form-47\" method=\"post\" novalidate=\"true\" autocomplete=\"off\">\n\t\t\t\t<input type=\"hidden\" name=\"happyforms_random_seed\" value=\"392709119\" \/>\n\t\t\n\t\t\t<input type=\"hidden\" name=\"action\" value=\"happyforms_message\">\n\t\t\t\t<input type=\"hidden\" name=\"client_referer\" value=\"\">\n\t\t\t\t<input type=\"hidden\" name=\"current_post_id\" value=\"\">\n\t\t\t\t<input type=\"hidden\" name=\"happyforms_form_id\" value=\"47\" \/>\n\t\t\t\t<input type=\"hidden\" name=\"happyforms_step\" value=\"0\" \/>\n\t\n\t\t<div class=\"happyforms-flex\">\n\t\t\t\t<label for=\"47-number\" class=\"screen-reader-text\">Lass dieses Feld leer<\/label>\n\t<input type=\"text\" id=\"47-number\" name=\"47-number\" style=\"display: none;\" tabindex=\"-1\" autocomplete=\"off\" aria-hidden=\"true\">\n\t\t\t\t\t\t\t\t\t\t<div class=\"happyforms-part--with-autocomplete happyforms-form__part happyforms-part happyforms-part--email happyforms-part--width-full happyforms-part--label-above\" id=\"happyforms-47_email_1-part\" data-happyforms-type=\"email\" data-happyforms-id=\"email_1\">\n\t\t<div class=\"happyforms-part-wrap\">\n\t\t\t\t\t\t<div class=\"happyforms-part__label-container\">\n\t\t\t\t<label for=\"happyforms-47_email_1\" class=\"happyforms-part__label\">\n\t\t\t<span class=\"label\">Ihre email-Adresse<\/span>\n\t\t\t\t\t\t\t\t\t\t<span class=\"happyforms-required\"><\/span>\n\t\t\t\t\t\t\t\t\t\t<span class=\"happyforms-optional\">(optional)<\/span>\n\t\t\t\t\t<\/label>\n\t\t\t<\/div>\n\t\t\t\n\t\t<span class=\"happyforms-part__description\">Bitte f\u00fcr schriftliche R\u00fcckantwort Ihre E-Mailadresse angeben.<\/span>\n\t\t<div class=\"happyforms-part__el\">\n\t\t\t\n\t\t\t\n\t\t\t<div class=\"happyforms-input\">\n\t\t\t\t<input type=\"email\" name=\"47_email_1\" id=\"happyforms-47_email_1\" value=\"\" placeholder=\"a@b.de\" autocomplete=\"off\" spellcheck=\"false\"  autocorrect=\"off\" \/>\n\t\t\t\t\t\t\t<\/div>\n\n\t\t\t\n\t\t\t\n\t\t\t\t\t<\/div>\n\t<\/div>\n<\/div>\n<div class=\"happyforms-form__part happyforms-part happyforms-part--single_line_text happyforms-part--width-full happyforms-part--label-above\" id=\"happyforms-47_single_line_text_4-part\" data-happyforms-type=\"single_line_text\" data-happyforms-id=\"single_line_text_4\" data-happyforms-required=\"\">\n\t<div class=\"happyforms-part-wrap\">\n\t\t\n\t\t\t\t\t\t<div class=\"happyforms-part__label-container\">\n\t\t\t\t<label for=\"happyforms-47_single_line_text_4\" class=\"happyforms-part__label\">\n\t\t\t<span class=\"label\">Bitte Ihre R\u00fcckrufnummer eintragen<\/span>\n\t\t\t\t\t\t\t\t\t\t<span class=\"happyforms-required\"><\/span>\n\t\t\t\t\t\t\t\t\t\t<span class=\"happyforms-optional\">(optional)<\/span>\n\t\t\t\t\t<\/label>\n\t\t\t<\/div>\n\t\t\t\n\t\t<span class=\"happyforms-part__description\">Bitte Ihre R\u00fcckrufnummer eintragen<\/span>\n\t\t<div class=\"happyforms-part__el\">\n\t\t\t\n\t\t\t\n\t\t\t<div class=\"happyforms-input\">\n\t\t\t\t\n\t\t\t\t<input id=\"happyforms-47_single_line_text_4\" type=\"text\" name=\"47_single_line_text_4\" value=\"\" placeholder=\"01...xxxx\" autocomplete=\"off\" spellcheck=\"false\"  autocorrect=\"off\" \/>\n\t\t\t\t\t\t\t<\/div>\n\n\t\t\t\n\t\t\t\n\t\t\t\t\t<\/div>\n\t<\/div>\n<\/div>\n<div class=\"happyforms-form__part happyforms-part happyforms-part--multi_line_text happyforms-part--width-full happyforms-part--label-above\" id=\"happyforms-47_multi_line_text_3-part\" data-happyforms-type=\"multi_line_text\" data-happyforms-id=\"multi_line_text_3\" data-happyforms-required=\"\">\n\t<div class=\"happyforms-part-wrap\">\n\t\t\t\t\t\t<div class=\"happyforms-part__label-container\">\n\t\t\t\t<label for=\"happyforms-47_multi_line_text_3\" class=\"happyforms-part__label\">\n\t\t\t<span class=\"label\">Ihre Anfrage an TAXI SERVICE ELSDORF (z.B. Fahrtwunsch)<\/span>\n\t\t\t\t\t\t\t\t\t\t<span class=\"happyforms-required\"><\/span>\n\t\t\t\t\t\t\t\t\t\t<span class=\"happyforms-optional\">(optional)<\/span>\n\t\t\t\t\t<\/label>\n\t\t\t<\/div>\n\t\t\t\n\t\t<span class=\"happyforms-part__description\">Bitte Ihr Anliegen eintragen, wir werden Sie schnellstm\u00f6glich kontaktieren.<\/span>\n\t\t<div class=\"happyforms-part__el\">\n\t\t\t\n\t\t\t\t\t\t<textarea id=\"happyforms-47_multi_line_text_3\" name=\"47_multi_line_text_3\" rows=\"5\" placeholder=\"DATUM\/TAG UHRZEIT FAHRTWEG (VON UND NACH) \/IHR NAME\" autocomplete=\"off\" spellcheck=\"false\" autocorrect=\"off\" ><\/textarea>\n\t\t\t\n\t\t\t\n\t\t\t\t\t<\/div>\n\t<\/div>\n<\/div>\n\t\t\t\t\t\t<div class=\"happyforms-form__part happyforms-part happyforms-part--submit\">\n\t\t<button type=\"submit\" class=\"happyforms-submit happyforms-button--submit \">Absenden<\/button>\n\t<\/div>\t\t<\/div>\n\n\t\t\t<\/form>\n\n\t<\/div>\n","protected":false},"excerpt":{"rendered":"<p>Wir sind ein professionelles Taxi- und Mietwagen Dienstleistungsunternehmen! Wir kennen uns gut aus und fahren Sie zuverl\u00e4ssig ans Ziel in Elsdorf und Umgebung, zwischen Rhein und Erft, nach K\u00f6ln, Aachen, D\u00fcsseldorf &#8230;. Kurz: wohin Sie wollen. Bei uns bekommen Sie immer die richtigen Preise, nach dem g\u00fcltigen Taxi Tarif.\u00a0<\/p>\n","protected":false},"author":1,"featured_media":0,"parent":0,"menu_order":0,"comment_status":"closed","ping_status":"closed","template":"","meta":{"footnotes":""},"class_list":["post-2","page","type-page","status-publish","hentry"],"_links":{"self":[{"href":"https:\/\/taxiserviceelsdorf.de\/index.php?rest_route=\/wp\/v2\/pages\/2","targetHints":{"allow":["GET"]}}],"collection":[{"href":"https:\/\/taxiserviceelsdorf.de\/index.php?rest_route=\/wp\/v2\/pages"}],"about":[{"href":"https:\/\/taxiserviceelsdorf.de\/index.php?rest_route=\/wp\/v2\/types\/page"}],"author":[{"embeddable":true,"href":"https:\/\/taxiserviceelsdorf.de\/index.php?rest_route=\/wp\/v2\/users\/1"}],"replies":[{"embeddable":true,"href":"https:\/\/taxiserviceelsdorf.de\/index.php?rest_route=%2Fwp%2Fv2%2Fcomments&post=2"}],"version-history":[{"count":4,"href":"https:\/\/taxiserviceelsdorf.de\/index.php?rest_route=\/wp\/v2\/pages\/2\/revisions"}],"predecessor-version":[{"id":49,"href":"https:\/\/taxiserviceelsdorf.de\/index.php?rest_route=\/wp\/v2\/pages\/2\/revisions\/49"}],"wp:attachment":[{"href":"https:\/\/taxiserviceelsdorf.de\/index.php?rest_route=%2Fwp%2Fv2%2Fmedia&parent=2"}],"curies":[{"name":"wp","href":"https:\/\/api.w.org\/{rel}","templated":true}]}}